{"id":2,"date":"2026-03-04T20:44:15","date_gmt":"2026-03-04T23:44:15","guid":{"rendered":"http:\/\/csantanna.adv.br\/?page_id=2"},"modified":"2026-03-05T11:13:49","modified_gmt":"2026-03-05T14:13:49","slug":"pagina-exemplo","status":"publish","type":"page","link":"https:\/\/csantanna.adv.br\/","title":{"rendered":"Index"},"content":{"rendered":"\t\t<div data-elementor-type=\"wp-page\" data-elementor-id=\"2\" class=\"elementor elementor-2\">\n\t\t\t\t<div class=\"elementor-element elementor-element-233ff9e e-flex e-con-boxed e-con e-parent\" data-id=\"233ff9e\" data-element_type=\"container\" data-e-type=\"container\" data-settings=\"{&quot;background_background&quot;:&quot;classic&quot;}\">\n\t\t\t\t\t<div class=\"e-con-inner\">\n\t\t\t\t<div class=\"elementor-element elementor-element-e86ef9e elementor-widget elementor-widget-slider_revolution\" data-id=\"e86ef9e\" data-element_type=\"widget\" data-e-type=\"widget\" data-widget_type=\"slider_revolution.default\">\n\t\t\t\t\t\r\n\t\t<div class=\"wp-block-themepunch-revslider\">\n\t\t\t<!-- START Slider 1 REVOLUTION SLIDER 6.3.5 --><p class=\"rs-p-wp-fix\"><\/p>\n\t\t\t<rs-module-wrap id=\"rev_slider_1_1_wrapper\" data-source=\"gallery\" style=\"background:transparent;padding:0;margin:0px auto;margin-top:0;margin-bottom:0;\">\n\t\t\t\t<rs-module id=\"rev_slider_1_1\" style=\"\" data-version=\"6.3.5\">\n\t\t\t\t\t<rs-slides>\n\t\t\t\t\t\t<rs-slide data-key=\"rs-1\" data-title=\"Slide\" data-anim=\"ei:d;eo:d;s:1000;r:0;t:fade;sl:0;\">\n\t\t\t\t\t\t\t<img fetchpriority=\"high\" decoding=\"async\" src=\"\/\/csantanna.adv.br\/wp-content\/plugins\/revslider\/public\/assets\/assets\/transparent.png\" alt=\"Slide\" title=\"3\" width=\"1140\" height=\"550\" data-bg=\"c:linear-gradient(rgba(20,20,20,1) 0%, rgba(43,43,43,1) 100%);f:auto;\" class=\"rev-slidebg\" data-no-retina>\n<!--\n\t\t\t\t\t\t\t--><rs-layer\n\t\t\t\t\t\t\t\tid=\"slider-1-slide-1-layer-0\" \n\t\t\t\t\t\t\t\tdata-type=\"image\"\n\t\t\t\t\t\t\t\tdata-rsp_ch=\"on\"\n\t\t\t\t\t\t\t\tdata-xy=\"xo:727px,760px,760px,140px;yo:67px,20px,20px,186px;\"\n\t\t\t\t\t\t\t\tdata-text=\"w:normal;s:20,20,20,8;l:0,0,0,10;\"\n\t\t\t\t\t\t\t\tdata-dim=\"w:395px,364px,364px,357px;h:494px,455px,455px,446px;\"\n\t\t\t\t\t\t\t\tdata-frame_999=\"o:0;st:w;\"\n\t\t\t\t\t\t\t\tstyle=\"z-index:12;\"\n\t\t\t\t\t\t\t><img decoding=\"async\" src=\"\/\/csantanna.adv.br\/wp-content\/uploads\/2026\/03\/1.png\" width=\"400\" height=\"500\" data-no-retina> \n\t\t\t\t\t\t\t<\/rs-layer><!--\n\n\t\t\t\t\t\t\t--><rs-layer\n\t\t\t\t\t\t\t\tid=\"slider-1-slide-1-layer-1\" \n\t\t\t\t\t\t\t\tdata-type=\"text\"\n\t\t\t\t\t\t\t\tdata-rsp_ch=\"on\"\n\t\t\t\t\t\t\t\tdata-xy=\"xo:201px,238px,238px,22px;yo:149px,169px,169px,291px;\"\n\t\t\t\t\t\t\t\tdata-text=\"w:normal;s:33,33,33,29;l:42,42,42,38;fw:700;\"\n\t\t\t\t\t\t\t\tdata-dim=\"w:429,474px,474px,316px;\"\n\t\t\t\t\t\t\t\tdata-frame_999=\"o:0;st:w;\"\n\t\t\t\t\t\t\t\tstyle=\"z-index:11;font-family:Roboto;text-transform:uppercase;\"\n\t\t\t\t\t\t\t>Carlos Sant'Anna Advogados<br \/>\n \n\t\t\t\t\t\t\t<\/rs-layer><!--\n\n\t\t\t\t\t\t\t--><rs-layer\n\t\t\t\t\t\t\t\tid=\"slider-1-slide-1-layer-2\" \n\t\t\t\t\t\t\t\tdata-type=\"text\"\n\t\t\t\t\t\t\t\tdata-rsp_ch=\"on\"\n\t\t\t\t\t\t\t\tdata-xy=\"x:l,l,l,c;xo:198px,240px,240px,-102px;yo:242px,258px,258px,369px;\"\n\t\t\t\t\t\t\t\tdata-text=\"w:normal;s:23,23,23,18;l:39,32,32,26;\"\n\t\t\t\t\t\t\t\tdata-dim=\"w:556px,481px,481px,234px;h:auto,auto,auto,192px;\"\n\t\t\t\t\t\t\t\tdata-frame_999=\"o:0;st:w;\"\n\t\t\t\t\t\t\t\tstyle=\"z-index:10;font-family:Roboto;\"\n\t\t\t\t\t\t\t>Assessoria especializada com foco em resultados, consultoria tribut\u00e1ria e gest\u00e3o de contratos complexos em Recife e regi\u00e3o. \n\t\t\t\t\t\t\t<\/rs-layer><!--\n\n\t\t\t\t\t\t\t--><rs-layer\n\t\t\t\t\t\t\t\tid=\"slider-1-slide-1-layer-3\" \n\t\t\t\t\t\t\t\tdata-type=\"shape\"\n\t\t\t\t\t\t\t\tdata-rsp_ch=\"on\"\n\t\t\t\t\t\t\t\tdata-xy=\"x:l,l,l,c;xo:-761px,-761px,-761px,231px;yo:-22px,-22px,-22px,-20px;\"\n\t\t\t\t\t\t\t\tdata-text=\"w:normal;s:20,20,20,8;l:0,0,0,10;\"\n\t\t\t\t\t\t\t\tdata-dim=\"w:2028px,2028px,2028px,1731px;h:497px,497px,497px,620px;\"\n\t\t\t\t\t\t\t\tdata-frame_999=\"o:0;st:w;\"\n\t\t\t\t\t\t\t\tstyle=\"z-index:9;background:linear-gradient(175deg, rgba(12,12,12,0) 0%, rgba(12,12,12,1) 100%);\"\n\t\t\t\t\t\t\t> \n\t\t\t\t\t\t\t<\/rs-layer><!--\n\n\t\t\t\t\t\t\t--><rs-layer\n\t\t\t\t\t\t\t\tid=\"slider-1-slide-1-layer-6\" \n\t\t\t\t\t\t\t\tdata-type=\"image\"\n\t\t\t\t\t\t\t\tdata-rsp_ch=\"on\"\n\t\t\t\t\t\t\t\tdata-xy=\"xo:-22px,-22px,-22px,-195px;yo:-27px,-27px,-27px,-9px;\"\n\t\t\t\t\t\t\t\tdata-text=\"w:normal;s:20,20,20,8;l:0,0,0,10;\"\n\t\t\t\t\t\t\t\tdata-dim=\"w:1390px,1390px,1390px,1299px;h:671px,671px,671px,627px;\"\n\t\t\t\t\t\t\t\tdata-frame_999=\"o:0;st:w;\"\n\t\t\t\t\t\t\t\tstyle=\"z-index:8;\"\n\t\t\t\t\t\t\t><img decoding=\"async\" src=\"\/\/csantanna.adv.br\/wp-content\/uploads\/2026\/03\/2-3.png\" width=\"1140\" height=\"550\" data-no-retina> \n\t\t\t\t\t\t\t<\/rs-layer><!--\n-->\t\t\t\t\t\t<\/rs-slide>\n\t\t\t\t\t<\/rs-slides>\n\t\t\t\t<\/rs-module>\n\t\t\t\t<script type=\"text\/javascript\">\n\t\t\t\t\tsetREVStartSize({c: 'rev_slider_1_1',rl:[1240,1024,1024,480],el:[450,450,450,600],gw:[1140,1140,1140,480],gh:[450,450,450,600],type:'standard',justify:'',layout:'fullwidth',mh:\"0\"});\n\t\t\t\t\tvar\trevapi1,\n\t\t\t\t\t\ttpj;\n\t\t\t\t\tfunction revinit_revslider11() {\n\t\t\t\t\tjQuery(function() {\n\t\t\t\t\t\ttpj = jQuery;\n\t\t\t\t\t\trevapi1 = tpj(\"#rev_slider_1_1\");\n\t\t\t\t\t\tif(revapi1==undefined || revapi1.revolution == undefined){\n\t\t\t\t\t\t\trevslider_showDoubleJqueryError(\"rev_slider_1_1\");\n\t\t\t\t\t\t}else{\n\t\t\t\t\t\t\trevapi1.revolution({\n\t\t\t\t\t\t\t\tvisibilityLevels:\"1240,1024,1024,480\",\n\t\t\t\t\t\t\t\tgridwidth:\"1140,1140,1140,480\",\n\t\t\t\t\t\t\t\tgridheight:\"450,450,450,600\",\n\t\t\t\t\t\t\t\tperspective:600,\n\t\t\t\t\t\t\t\tperspectiveType:\"global\",\n\t\t\t\t\t\t\t\teditorheight:\"450,450,960,600\",\n\t\t\t\t\t\t\t\tresponsiveLevels:\"1240,1024,1024,480\",\n\t\t\t\t\t\t\t\tprogressBar:{disableProgressBar:true},\n\t\t\t\t\t\t\t\tnavigation: {\n\t\t\t\t\t\t\t\t\tonHoverStop:false\n\t\t\t\t\t\t\t\t},\n\t\t\t\t\t\t\t\tfallbacks: {\n\t\t\t\t\t\t\t\t\tallowHTML5AutoPlayOnAndroid:true\n\t\t\t\t\t\t\t\t},\n\t\t\t\t\t\t\t});\n\t\t\t\t\t\t}\n\t\t\t\t\t\t\n\t\t\t\t\t});\n\t\t\t\t\t} \/\/ End of RevInitScript\n\t\t\t\tvar once_revslider11 = false;\n\t\t\t\tif (document.readyState === \"loading\") {document.addEventListener('readystatechange',function() { if((document.readyState === \"interactive\" || document.readyState === \"complete\") && !once_revslider11 ) { once_revslider11 = true; revinit_revslider11();}});} else {once_revslider11 = true; revinit_revslider11();}\n\t\t\t\t<\/script>\n\t\t\t<\/rs-module-wrap>\n\t\t\t<!-- END REVOLUTION SLIDER -->\n<\/div>\r\n\r\n\t\t\t\t\t\t<\/div>\n\t\t\t\t\t<\/div>\n\t\t\t\t<\/div>\n\t\t<div class=\"elementor-element elementor-element-8f7849b e-flex e-con-boxed e-con e-parent\" data-id=\"8f7849b\" data-element_type=\"container\" data-e-type=\"container\" id=\"sobrenos\">\n\t\t\t\t\t<div class=\"e-con-inner\">\n\t\t<div class=\"elementor-element elementor-element-608f9eb e-con-full e-flex e-con e-child\" data-id=\"608f9eb\" data-element_type=\"container\" data-e-type=\"container\">\n\t\t\t\t<div class=\"elementor-element elementor-element-a9b611f elementor-widget elementor-widget-heading\" data-id=\"a9b611f\" data-element_type=\"widget\" data-e-type=\"widget\" data-widget_type=\"heading.default\">\n\t\t\t\t\t<h2 class=\"elementor-heading-title elementor-size-default\">Sobre N\u00f3s\n<\/h2>\t\t\t\t<\/div>\n\t\t\t\t<\/div>\n\t\t<div class=\"elementor-element elementor-element-70e7833 e-con-full e-flex e-con e-child\" data-id=\"70e7833\" data-element_type=\"container\" data-e-type=\"container\">\n\t\t\t\t<div class=\"elementor-element elementor-element-3e67e92 elementor-widget elementor-widget-text-editor\" data-id=\"3e67e92\" data-element_type=\"widget\" data-e-type=\"widget\" data-widget_type=\"text-editor.default\">\n\t\t\t\t\t\t\t\t\t<p>O escrit\u00f3rio\u00a0<strong class=\"Yjhzub\" data-sfc-cb=\"\" data-processed=\"true\">Carlos Sant&#8217;Anna Advogados<\/strong>\u00a0destaca-se pela s\u00f3lida experi\u00eancia em assessoria e emiss\u00e3o de opini\u00f5es legais para o desenvolvimento das atividades empresariais. Atuamos de forma estrat\u00e9gica em contratos empresariais e p\u00fablicos, com expertise em processos licitat\u00f3rios e rela\u00e7\u00f5es com o setor p\u00fablico. Nossa atua\u00e7\u00e3o \u00e9 pautada pela seguran\u00e7a jur\u00eddica e pela vis\u00e3o de gest\u00e3o, fruto da experi\u00eancia de nosso fundador em conselhos de empresas estatais e cargos de gest\u00e3o tecnol\u00f3gica.<\/p>\t\t\t\t\t\t\t\t<\/div>\n\t\t\t\t<\/div>\n\t\t\t\t\t<\/div>\n\t\t\t\t<\/div>\n\t\t<div class=\"elementor-element elementor-element-07514ef e-flex e-con-boxed e-con e-parent\" data-id=\"07514ef\" data-element_type=\"container\" data-e-type=\"container\" data-settings=\"{&quot;background_background&quot;:&quot;classic&quot;}\">\n\t\t\t\t\t<div class=\"e-con-inner\">\n\t\t<div class=\"elementor-element elementor-element-bbce552 e-con-full e-flex e-con e-child\" data-id=\"bbce552\" data-element_type=\"container\" data-e-type=\"container\">\n\t\t\t\t<div class=\"elementor-element elementor-element-f13f61f elementor-widget elementor-widget-heading\" data-id=\"f13f61f\" data-element_type=\"widget\" data-e-type=\"widget\" data-widget_type=\"heading.default\">\n\t\t\t\t\t<h2 class=\"elementor-heading-title elementor-size-default\">Carlos Sant'Anna<\/h2>\t\t\t\t<\/div>\n\t\t\t\t<div class=\"elementor-element elementor-element-6df7208 elementor-widget elementor-widget-heading\" data-id=\"6df7208\" data-element_type=\"widget\" data-e-type=\"widget\" data-widget_type=\"heading.default\">\n\t\t\t\t\t<h2 class=\"elementor-heading-title elementor-size-default\">S\u00f3cio Fundador <\/h2>\t\t\t\t<\/div>\n\t\t\t\t<div class=\"elementor-element elementor-element-ce7ccaf elementor-widget elementor-widget-text-editor\" data-id=\"ce7ccaf\" data-element_type=\"widget\" data-e-type=\"widget\" data-widget_type=\"text-editor.default\">\n\t\t\t\t\t\t\t\t\t<p><strong>Advogado<\/strong> e <strong>Mestre<\/strong> em Direito Tribut\u00e1rio pelo <strong>IDP\/DF.<\/strong> Refer\u00eancia acad\u00eamica como Coordenador da <strong>P\u00f3s-Gradua\u00e7\u00e3o em Direito<\/strong> Tribut\u00e1rio da <strong>ESA\/PE<\/strong>.<\/p><p>Possui vasta bagagem em gest\u00e3o <strong>p\u00fablica tecnol\u00f3gica<\/strong> e atua\u00e7\u00e3o como membro de conselhos em empresas estatais, trazendo uma vis\u00e3o executiva para o direito.<\/p><p>assessoria e opini\u00e3o legal no desenvolvimento das atividades empresariais dos seus clientes, al\u00e9m de contratos empresariais e p\u00fablicos, decorrentes de processos licitat\u00f3rios. Exerceu tamb\u00e9m cargos de gest\u00e3o na \u00e1rea tecnol\u00f3gica no setor p\u00fablico, al\u00e9m de membro no conselho de empresas estatais.<\/p>\t\t\t\t\t\t\t\t<\/div>\n\t\t\t\t<\/div>\n\t\t\t\t\t<\/div>\n\t\t\t\t<\/div>\n\t\t<div class=\"elementor-element elementor-element-e036565 e-flex e-con-boxed e-con e-parent\" data-id=\"e036565\" data-element_type=\"container\" data-e-type=\"container\" id=\"atuacao\" data-settings=\"{&quot;background_background&quot;:&quot;classic&quot;}\">\n\t\t\t\t\t<div class=\"e-con-inner\">\n\t\t\t\t<div class=\"elementor-element elementor-element-1636222 elementor-widget elementor-widget-heading\" data-id=\"1636222\" data-element_type=\"widget\" data-e-type=\"widget\" data-widget_type=\"heading.default\">\n\t\t\t\t\t<h2 class=\"elementor-heading-title elementor-size-default\">\u00c1reas de Atua\u00e7\u00e3o\n<\/h2>\t\t\t\t<\/div>\n\t\t\t\t\t<\/div>\n\t\t\t\t<\/div>\n\t\t<div class=\"elementor-element elementor-element-cf9e0f9 e-flex e-con-boxed e-con e-parent\" data-id=\"cf9e0f9\" data-element_type=\"container\" data-e-type=\"container\" data-settings=\"{&quot;background_background&quot;:&quot;classic&quot;}\">\n\t\t\t\t\t<div class=\"e-con-inner\">\n\t\t<div class=\"elementor-element elementor-element-6440faa e-con-full e-flex e-con e-child\" data-id=\"6440faa\" data-element_type=\"container\" data-e-type=\"container\">\n\t\t\t\t<div class=\"elementor-element elementor-element-5d3c648 elementor-view-default elementor-position-block-start elementor-mobile-position-block-start elementor-widget elementor-widget-icon-box\" data-id=\"5d3c648\" data-element_type=\"widget\" data-e-type=\"widget\" data-widget_type=\"icon-box.default\">\n\t\t\t\t\t\t\t<div class=\"elementor-icon-box-wrapper\">\n\n\t\t\t\t\t\t<div class=\"elementor-icon-box-icon\">\n\t\t\t\t<span  class=\"elementor-icon\">\n\t\t\t\t<svg class=\"ekit-svg-icon icon-calculator1\" viewBox=\"0 0 32 32\" xmlns=\"http:\/\/www.w3.org\/2000\/svg\"><path d=\"M26.944 31.706h-21.887v-30.613h21.881v30.613zM6.362 30.4h19.344v-28h-19.344v28zM23.944 11.906h-15.887v-7.362h15.894v7.362zM9.356 10.606h13.35v-4.756h-13.35v4.756zM8.706 15.356h2.863v1.3h-2.863v-1.3zM14.569 15.356h2.862v1.3h-2.863v-1.3zM20.431 15.356h2.863v1.3h-2.863v-1.3zM8.706 19.137h2.863v1.3h-2.863v-1.3zM14.569 19.137h2.862v1.3h-2.863v-1.3zM20.431 19.137h2.863v1.3h-2.863v-1.3zM8.706 22.975h2.863v1.3h-2.863v-1.3zM14.569 22.975h2.862v1.3h-2.863v-1.3zM8.706 26.819h2.863v1.3h-2.863v-1.3zM14.569 26.819h2.862v1.3h-2.863v-1.3zM21.275 22.719h1.3v5.406h-1.3v-5.406z\"><\/path><\/svg>\t\t\t\t<\/span>\n\t\t\t<\/div>\n\t\t\t\n\t\t\t\t\t\t<div class=\"elementor-icon-box-content\">\n\n\t\t\t\t\t\t\t\t\t<h3 class=\"elementor-icon-box-title\">\n\t\t\t\t\t\t<span  >\n\t\t\t\t\t\t\tDireito Tribut\u00e1rio\t\t\t\t\t\t<\/span>\n\t\t\t\t\t<\/h3>\n\t\t\t\t\n\t\t\t\t\t\t\t\t\t<p class=\"elementor-icon-box-description\">\n\t\t\t\t\t\tPlanejamento, recupera\u00e7\u00e3o de cr\u00e9ditos e defesa em execu\u00e7\u00f5es fiscais.\t\t\t\t\t<\/p>\n\t\t\t\t\n\t\t\t<\/div>\n\t\t\t\n\t\t<\/div>\n\t\t\t\t\t\t<\/div>\n\t\t\t\t<\/div>\n\t\t<div class=\"elementor-element elementor-element-5fd2baa e-con-full e-flex e-con e-child\" data-id=\"5fd2baa\" data-element_type=\"container\" data-e-type=\"container\">\n\t\t\t\t<div class=\"elementor-element elementor-element-df414da elementor-view-default elementor-position-block-start elementor-mobile-position-block-start elementor-widget elementor-widget-icon-box\" data-id=\"df414da\" data-element_type=\"widget\" data-e-type=\"widget\" data-widget_type=\"icon-box.default\">\n\t\t\t\t\t\t\t<div class=\"elementor-icon-box-wrapper\">\n\n\t\t\t\t\t\t<div class=\"elementor-icon-box-icon\">\n\t\t\t\t<span  class=\"elementor-icon\">\n\t\t\t\t<svg class=\"ekit-svg-icon icon-worker\" viewBox=\"0 0 32 32\" xmlns=\"http:\/\/www.w3.org\/2000\/svg\"><path d=\"M25.25 12.819c-0.65-0.925-1.756-1.456-2.869-1.456h-1.044c-0.913 0-1.756 0.4-2.344 1.125l-3 3.644-3-3.644c-0.588-0.731-1.431-1.125-2.344-1.125h-1.044c-1.175 0-2.213 0.531-2.869 1.456l-6.050 8.55 4.756 3.45 2.606-3.712v10.606h15.9v-10.606l2.606 3.712 4.756-3.45-6.063-8.55zM24.081 19.119c-0.194-0.2-0.394-0.331-0.65-0.331-0.456 0-0.781 0.331-0.781 0.794v10.869h-13.294v-10.869c0-0.462-0.325-0.794-0.781-0.794-0.262 0-0.519 0.131-0.65 0.331l-2.737 3.913-2.737-1.988 5.344-7.556c0.394-0.594 1.106-0.925 1.825-0.925h1.044c0.519 0 1.044 0.262 1.369 0.662l3.975 4.838 3.975-4.838c0.325-0.4 0.85-0.662 1.369-0.662h1.044c0.719 0 1.431 0.331 1.825 0.925l5.344 7.556-2.738 1.988-2.744-3.913zM16 11.956c2.931 0 5.344-2.45 5.344-5.438 0-2.981-2.413-5.438-5.344-5.438s-5.344 2.45-5.344 5.438c0 2.988 2.412 5.438 5.344 5.438zM16 2.35c2.281 0 4.106 1.856 4.106 4.175s-1.825 4.175-4.106 4.175-4.106-1.856-4.106-4.175c0-2.325 1.825-4.175 4.106-4.175zM14.631 7.319l-0.65 0.794c0.519 0.463 1.106 0.794 1.694 0.863v0.531h0.85v-0.531c0.456 0 0.85-0.2 1.106-0.463 0.262-0.331 0.394-0.662 0.394-1.063 0-0.463-0.131-0.794-0.394-0.994s-0.65-0.4-1.175-0.531v-1.063c0.262 0.131 0.519 0.263 0.85 0.463l0.587-0.794c-0.456-0.331-0.975-0.531-1.431-0.594v-0.4h-0.781v0.4c-0.394 0.069-0.781 0.2-1.044 0.463s-0.394 0.594-0.394 0.994c0 0.4 0.063 0.731 0.325 0.925 0.262 0.2 0.588 0.4 1.106 0.531v1.125c-0.325-0.125-0.65-0.325-1.044-0.656zM16.519 7.056c0.131 0.069 0.194 0.131 0.262 0.2 0.063 0.069 0.063 0.131 0.063 0.263 0 0.263-0.131 0.4-0.325 0.463v-0.925zM15.35 5.263c0-0.2 0.131-0.331 0.325-0.4v0.862c-0.194-0.131-0.325-0.263-0.325-0.463zM17.044 19.581h3.975v1.262h-3.975v-1.262z\"><\/path><\/svg>\t\t\t\t<\/span>\n\t\t\t<\/div>\n\t\t\t\n\t\t\t\t\t\t<div class=\"elementor-icon-box-content\">\n\n\t\t\t\t\t\t\t\t\t<h3 class=\"elementor-icon-box-title\">\n\t\t\t\t\t\t<span  >\n\t\t\t\t\t\t\tDireito Trabalhista\t\t\t\t\t\t<\/span>\n\t\t\t\t\t<\/h3>\n\t\t\t\t\n\t\t\t\t\t\t\t\t\t<p class=\"elementor-icon-box-description\">\n\t\t\t\t\t\tConsultoria preventiva para empresas e defesa dos direitos do trabalhador.\t\t\t\t\t<\/p>\n\t\t\t\t\n\t\t\t<\/div>\n\t\t\t\n\t\t<\/div>\n\t\t\t\t\t\t<\/div>\n\t\t\t\t<\/div>\n\t\t<div class=\"elementor-element elementor-element-6019b2c e-con-full e-flex e-con e-child\" data-id=\"6019b2c\" data-element_type=\"container\" data-e-type=\"container\">\n\t\t\t\t<div class=\"elementor-element elementor-element-e744048 elementor-view-default elementor-position-block-start elementor-mobile-position-block-start elementor-widget elementor-widget-icon-box\" data-id=\"e744048\" data-element_type=\"widget\" data-e-type=\"widget\" data-widget_type=\"icon-box.default\">\n\t\t\t\t\t\t\t<div class=\"elementor-icon-box-wrapper\">\n\n\t\t\t\t\t\t<div class=\"elementor-icon-box-icon\">\n\t\t\t\t<span  class=\"elementor-icon\">\n\t\t\t\t<svg class=\"ekit-svg-icon icon-calculator1\" viewBox=\"0 0 32 32\" xmlns=\"http:\/\/www.w3.org\/2000\/svg\"><path d=\"M26.944 31.706h-21.887v-30.613h21.881v30.613zM6.362 30.4h19.344v-28h-19.344v28zM23.944 11.906h-15.887v-7.362h15.894v7.362zM9.356 10.606h13.35v-4.756h-13.35v4.756zM8.706 15.356h2.863v1.3h-2.863v-1.3zM14.569 15.356h2.862v1.3h-2.863v-1.3zM20.431 15.356h2.863v1.3h-2.863v-1.3zM8.706 19.137h2.863v1.3h-2.863v-1.3zM14.569 19.137h2.862v1.3h-2.863v-1.3zM20.431 19.137h2.863v1.3h-2.863v-1.3zM8.706 22.975h2.863v1.3h-2.863v-1.3zM14.569 22.975h2.862v1.3h-2.863v-1.3zM8.706 26.819h2.863v1.3h-2.863v-1.3zM14.569 26.819h2.862v1.3h-2.863v-1.3zM21.275 22.719h1.3v5.406h-1.3v-5.406z\"><\/path><\/svg>\t\t\t\t<\/span>\n\t\t\t<\/div>\n\t\t\t\n\t\t\t\t\t\t<div class=\"elementor-icon-box-content\">\n\n\t\t\t\t\t\t\t\t\t<h3 class=\"elementor-icon-box-title\">\n\t\t\t\t\t\t<span  >\n\t\t\t\t\t\t\tDireito Empresarial\t\t\t\t\t\t<\/span>\n\t\t\t\t\t<\/h3>\n\t\t\t\t\n\t\t\t\t\t\t\t\t\t<p class=\"elementor-icon-box-description\">\n\t\t\t\t\t\tAssessoria em contratos, fus\u00f5es e prote\u00e7\u00e3o jur\u00eddica para o crescimento do seu neg\u00f3cio.\t\t\t\t\t<\/p>\n\t\t\t\t\n\t\t\t<\/div>\n\t\t\t\n\t\t<\/div>\n\t\t\t\t\t\t<\/div>\n\t\t\t\t<\/div>\n\t\t\t\t\t<\/div>\n\t\t\t\t<\/div>\n\t\t\t\t<\/div>\n\t\t","protected":false},"excerpt":{"rendered":"<p>Sobre N\u00f3s O escrit\u00f3rio\u00a0Carlos Sant&#8217;Anna Advogados\u00a0destaca-se pela s\u00f3lida experi\u00eancia em assessoria e emiss\u00e3o de opini\u00f5es legais para o desenvolvimento das atividades empresariais. Atuamos de forma estrat\u00e9gica em contratos empresariais e p\u00fablicos, com expertise em processos licitat\u00f3rios e rela\u00e7\u00f5es com o setor p\u00fablico. Nossa atua\u00e7\u00e3o \u00e9 pautada pela seguran\u00e7a jur\u00eddica e pela vis\u00e3o de gest\u00e3o, fruto [&hellip;]<\/p>\n","protected":false},"author":1,"featured_media":0,"parent":0,"menu_order":0,"comment_status":"closed","ping_status":"open","template":"elementor_header_footer","meta":{"footnotes":""},"class_list":["post-2","page","type-page","status-publish","hentry"],"_links":{"self":[{"href":"https:\/\/csantanna.adv.br\/index.php?rest_route=\/wp\/v2\/pages\/2","targetHints":{"allow":["GET"]}}],"collection":[{"href":"https:\/\/csantanna.adv.br\/index.php?rest_route=\/wp\/v2\/pages"}],"about":[{"href":"https:\/\/csantanna.adv.br\/index.php?rest_route=\/wp\/v2\/types\/page"}],"author":[{"embeddable":true,"href":"https:\/\/csantanna.adv.br\/index.php?rest_route=\/wp\/v2\/users\/1"}],"replies":[{"embeddable":true,"href":"https:\/\/csantanna.adv.br\/index.php?rest_route=%2Fwp%2Fv2%2Fcomments&post=2"}],"version-history":[{"count":117,"href":"https:\/\/csantanna.adv.br\/index.php?rest_route=\/wp\/v2\/pages\/2\/revisions"}],"predecessor-version":[{"id":314,"href":"https:\/\/csantanna.adv.br\/index.php?rest_route=\/wp\/v2\/pages\/2\/revisions\/314"}],"wp:attachment":[{"href":"https:\/\/csantanna.adv.br\/index.php?rest_route=%2Fwp%2Fv2%2Fmedia&parent=2"}],"curies":[{"name":"wp","href":"https:\/\/api.w.org\/{rel}","templated":true}]}}